{"id":1666,"date":"2023-04-19T09:20:36","date_gmt":"2023-04-19T09:20:36","guid":{"rendered":"http:\/\/localhost\/Web\/?page_id=1666"},"modified":"2023-04-28T09:55:00","modified_gmt":"2023-04-28T09:55:00","slug":"about-us","status":"publish","type":"page","link":"https:\/\/www.vistanimations.com\/web\/es\/about-us\/","title":{"rendered":"Sobre Nosotros"},"content":{"rendered":"<div data-elementor-type=\"wp-page\" data-elementor-id=\"1666\" class=\"elementor elementor-1666\">\n\t\t\t\t\t\t\t<div class=\"elementor-element elementor-element-50a2e3ec e-con-full e-con\" data-id=\"50a2e3ec\" data-element_type=\"container\" data-settings=\"{&quot;content_width&quot;:&quot;full&quot;}\">\n\t\t\t\t<div class=\"elementor-element elementor-element-7bef87af elementor-widget elementor-widget-heading\" data-id=\"7bef87af\" data-element_type=\"widget\" data-widget_type=\"heading.default\">\n\t\t\t\t<div class=\"elementor-widget-container\">\n\t\t\t<style>\/*! elementor - v3.12.2 - 23-04-2023 *\/\n.elementor-heading-title{padding:0;margin:0;line-height:1}.elementor-widget-heading .elementor-heading-title[class*=elementor-size-]>a{color:inherit;font-size:inherit;line-height:inherit}.elementor-widget-heading .elementor-heading-title.elementor-size-small{font-size:15px}.elementor-widget-heading .elementor-heading-title.elementor-size-medium{font-size:19px}.elementor-widget-heading .elementor-heading-title.elementor-size-large{font-size:29px}.elementor-widget-heading .elementor-heading-title.elementor-size-xl{font-size:39px}.elementor-widget-heading .elementor-heading-title.elementor-size-xxl{font-size:59px}<\/style><h2 class=\"elementor-heading-title elementor-size-default\">SOBRE NOSOTROS<\/h2>\t\t<\/div>\n\t\t\t\t<\/div>\n\t\t\t\t<div class=\"elementor-element elementor-element-8a0b292 elementor-widget elementor-widget-image\" data-id=\"8a0b292\" data-element_type=\"widget\" data-widget_type=\"image.default\">\n\t\t\t\t<div class=\"elementor-widget-container\">\n\t\t\t<style>\/*! elementor - v3.12.2 - 23-04-2023 *\/\n.elementor-widget-image{text-align:center}.elementor-widget-image a{display:inline-block}.elementor-widget-image a img[src$=\".svg\"]{width:48px}.elementor-widget-image img{vertical-align:middle;display:inline-block}<\/style>\t\t\t\t\t\t\t\t\t\t\t\t<img loading=\"lazy\" decoding=\"async\" width=\"1536\" height=\"910\" src=\"https:\/\/www.vistanimations.com\/web\/wp-content\/uploads\/2023\/04\/Snapshot22_015-1-1536x910.jpg\" class=\"attachment-1536x1536 size-1536x1536 wp-image-1707\" alt=\"\" srcset=\"https:\/\/www.vistanimations.com\/web\/wp-content\/uploads\/2023\/04\/Snapshot22_015-1-1536x910.jpg 1536w, https:\/\/www.vistanimations.com\/web\/wp-content\/uploads\/2023\/04\/Snapshot22_015-1-300x178.jpg 300w, https:\/\/www.vistanimations.com\/web\/wp-content\/uploads\/2023\/04\/Snapshot22_015-1-1024x607.jpg 1024w, https:\/\/www.vistanimations.com\/web\/wp-content\/uploads\/2023\/04\/Snapshot22_015-1-768x455.jpg 768w, https:\/\/www.vistanimations.com\/web\/wp-content\/uploads\/2023\/04\/Snapshot22_015-1.jpg 1920w\" sizes=\"auto, (max-width: 1536px) 100vw, 1536px\" \/>\t\t\t\t\t\t\t\t\t\t\t\t\t\t\t<\/div>\n\t\t\t\t<\/div>\n\t\t\t\t<div class=\"elementor-element elementor-element-a126ae6 elementor-widget elementor-widget-text-editor\" data-id=\"a126ae6\" data-element_type=\"widget\" data-widget_type=\"text-editor.default\">\n\t\t\t\t<div class=\"elementor-widget-container\">\n\t\t\t<style>\/*! elementor - v3.12.2 - 23-04-2023 *\/\n.elementor-widget-text-editor.elementor-drop-cap-view-stacked .elementor-drop-cap{background-color:#69727d;color:#fff}.elementor-widget-text-editor.elementor-drop-cap-view-framed .elementor-drop-cap{color:#69727d;border:3px solid;background-color:transparent}.elementor-widget-text-editor:not(.elementor-drop-cap-view-default) .elementor-drop-cap{margin-top:8px}.elementor-widget-text-editor:not(.elementor-drop-cap-view-default) .elementor-drop-cap-letter{width:1em;height:1em}.elementor-widget-text-editor .elementor-drop-cap{float:left;text-align:center;line-height:1;font-size:50px}.elementor-widget-text-editor .elementor-drop-cap-letter{display:inline-block}<\/style>\t\t\t\t<p>Somos una empresa especializada en crear contenido para mundos virtuales desde 2007<\/p>\t\t\t\t\t\t<\/div>\n\t\t\t\t<\/div>\n\t\t\t\t<\/div>\n\t\t<div class=\"elementor-element elementor-element-e6667ad e-con-boxed e-con\" data-id=\"e6667ad\" data-element_type=\"container\" data-settings=\"{&quot;content_width&quot;:&quot;boxed&quot;}\">\n\t\t\t\t\t<div class=\"e-con-inner\">\n\t\t<div class=\"elementor-element elementor-element-cab9455 e-con-full e-con\" data-id=\"cab9455\" data-element_type=\"container\" data-settings=\"{&quot;content_width&quot;:&quot;full&quot;,&quot;background_background&quot;:&quot;classic&quot;}\">\n\t\t\t\t<div class=\"elementor-element elementor-element-00f4f75 elementor-widget elementor-widget-image\" data-id=\"00f4f75\" data-element_type=\"widget\" data-widget_type=\"image.default\">\n\t\t\t\t<div class=\"elementor-widget-container\">\n\t\t\t\t\t\t\t\t\t\t\t\t\t\t\t<img loading=\"lazy\" decoding=\"async\" width=\"533\" height=\"553\" src=\"https:\/\/www.vistanimations.com\/web\/wp-content\/uploads\/2023\/04\/virutal_worlf.png\" class=\"attachment-full size-full wp-image-1617\" alt=\"\" srcset=\"https:\/\/www.vistanimations.com\/web\/wp-content\/uploads\/2023\/04\/virutal_worlf.png 533w, https:\/\/www.vistanimations.com\/web\/wp-content\/uploads\/2023\/04\/virutal_worlf-289x300.png 289w, https:\/\/www.vistanimations.com\/web\/wp-content\/uploads\/2023\/04\/elementor\/thumbs\/virutal_worlf-q4wp9n8x8jn6ef19a9jmzaa5bv8ihlbhodg98pizdu.png 243w\" sizes=\"auto, (max-width: 533px) 100vw, 533px\" \/>\t\t\t\t\t\t\t\t\t\t\t\t\t\t\t<\/div>\n\t\t\t\t<\/div>\n\t\t\t\t<div class=\"elementor-element elementor-element-9636f9d elementor-widget elementor-widget-text-editor\" data-id=\"9636f9d\" data-element_type=\"widget\" data-widget_type=\"text-editor.default\">\n\t\t\t\t<div class=\"elementor-widget-container\">\n\t\t\t\t\t\t\t<p>creando contenido para 3 Mundos virtuales<\/p>\t\t\t\t\t\t<\/div>\n\t\t\t\t<\/div>\n\t\t\t\t<\/div>\n\t\t<div class=\"elementor-element elementor-element-5b971ae e-con-full e-con\" data-id=\"5b971ae\" data-element_type=\"container\" data-settings=\"{&quot;content_width&quot;:&quot;full&quot;,&quot;background_background&quot;:&quot;classic&quot;}\">\n\t\t\t\t<div class=\"elementor-element elementor-element-9a3f867 elementor-widget elementor-widget-image\" data-id=\"9a3f867\" data-element_type=\"widget\" data-widget_type=\"image.default\">\n\t\t\t\t<div class=\"elementor-widget-container\">\n\t\t\t\t\t\t\t\t\t\t\t\t\t\t\t<img loading=\"lazy\" decoding=\"async\" width=\"533\" height=\"553\" src=\"https:\/\/www.vistanimations.com\/web\/wp-content\/uploads\/2023\/04\/GRAPHICS.png\" class=\"attachment-full size-full wp-image-1613\" alt=\"\" srcset=\"https:\/\/www.vistanimations.com\/web\/wp-content\/uploads\/2023\/04\/GRAPHICS.png 533w, https:\/\/www.vistanimations.com\/web\/wp-content\/uploads\/2023\/04\/GRAPHICS-289x300.png 289w, https:\/\/www.vistanimations.com\/web\/wp-content\/uploads\/2023\/04\/elementor\/thumbs\/GRAPHICS-q4wp06zcll7x23sdzzcmhgckjx5dd9kxo5aw3s57dg.png 250w\" sizes=\"auto, (max-width: 533px) 100vw, 533px\" \/>\t\t\t\t\t\t\t\t\t\t\t\t\t\t\t<\/div>\n\t\t\t\t<\/div>\n\t\t\t\t<div class=\"elementor-element elementor-element-5d8d04a elementor-widget elementor-widget-text-editor\" data-id=\"5d8d04a\" data-element_type=\"widget\" data-widget_type=\"text-editor.default\">\n\t\t\t\t<div class=\"elementor-widget-container\">\n\t\t\t\t\t\t\t<p>Vendemos mas de 900 productos en un dia en nuestras tiendas virtuales<\/p>\t\t\t\t\t\t<\/div>\n\t\t\t\t<\/div>\n\t\t\t\t<\/div>\n\t\t<div class=\"elementor-element elementor-element-5c3d3ad e-con-full e-con\" data-id=\"5c3d3ad\" data-element_type=\"container\" data-settings=\"{&quot;content_width&quot;:&quot;full&quot;,&quot;background_background&quot;:&quot;classic&quot;}\">\n\t\t\t\t<div class=\"elementor-element elementor-element-bfcb6ba elementor-widget elementor-widget-image\" data-id=\"bfcb6ba\" data-element_type=\"widget\" data-widget_type=\"image.default\">\n\t\t\t\t<div class=\"elementor-widget-container\">\n\t\t\t\t\t\t\t\t\t\t\t\t\t\t\t<img loading=\"lazy\" decoding=\"async\" width=\"533\" height=\"553\" src=\"https:\/\/www.vistanimations.com\/web\/wp-content\/uploads\/2023\/04\/USER.png\" class=\"attachment-full size-full wp-image-1618\" alt=\"\" srcset=\"https:\/\/www.vistanimations.com\/web\/wp-content\/uploads\/2023\/04\/USER.png 533w, https:\/\/www.vistanimations.com\/web\/wp-content\/uploads\/2023\/04\/USER-289x300.png 289w, https:\/\/www.vistanimations.com\/web\/wp-content\/uploads\/2023\/04\/elementor\/thumbs\/USER-q4wpb7n8mlsdr0rc4xx94w1syzijbfjdw4le1b7d0i.png 243w, https:\/\/www.vistanimations.com\/web\/wp-content\/uploads\/2023\/04\/elementor\/thumbs\/USER-q4wpb7n8nhd3kndixsrmlvb66nmony5vk3djbha7fm.png 245w\" sizes=\"auto, (max-width: 533px) 100vw, 533px\" \/>\t\t\t\t\t\t\t\t\t\t\t\t\t\t\t<\/div>\n\t\t\t\t<\/div>\n\t\t\t\t<div class=\"elementor-element elementor-element-594726e elementor-widget elementor-widget-text-editor\" data-id=\"594726e\" data-element_type=\"widget\" data-widget_type=\"text-editor.default\">\n\t\t\t\t<div class=\"elementor-widget-container\">\n\t\t\t\t\t\t\t<p>Un promedio de 60.000 usuarios diarios usan nuestros productos<\/p>\t\t\t\t\t\t<\/div>\n\t\t\t\t<\/div>\n\t\t\t\t<\/div>\n\t\t\t\t\t<\/div>\n\t\t\t\t<\/div>\n\t\t<div class=\"elementor-element elementor-element-43e5e2ec e-con-boxed e-con\" data-id=\"43e5e2ec\" data-element_type=\"container\" data-settings=\"{&quot;content_width&quot;:&quot;boxed&quot;}\">\n\t\t\t\t\t<div class=\"e-con-inner\">\n\t\t\t\t<div class=\"elementor-element elementor-element-62c73987 elementor-widget__width-initial elementor-widget-tablet__width-inherit elementor-widget elementor-widget-image\" data-id=\"62c73987\" data-element_type=\"widget\" data-widget_type=\"image.default\">\n\t\t\t\t<div class=\"elementor-widget-container\">\n\t\t\t\t\t\t\t\t\t\t\t\t\t\t\t<img loading=\"lazy\" decoding=\"async\" width=\"437\" height=\"640\" src=\"https:\/\/www.vistanimations.com\/web\/wp-content\/uploads\/2023\/04\/Captura-de-pantalla-2023-04-03-150821.jpg\" class=\"attachment-large size-large wp-image-1548\" alt=\"\" \/>\t\t\t\t\t\t\t\t\t\t\t\t\t\t\t<\/div>\n\t\t\t\t<\/div>\n\t\t<div class=\"elementor-element elementor-element-29e8162d e-con-full e-con\" data-id=\"29e8162d\" data-element_type=\"container\" data-settings=\"{&quot;content_width&quot;:&quot;full&quot;}\">\n\t\t\t\t<div class=\"elementor-element elementor-element-56dd837 elementor-widget elementor-widget-heading\" data-id=\"56dd837\" data-element_type=\"widget\" data-widget_type=\"heading.default\">\n\t\t\t\t<div class=\"elementor-widget-container\">\n\t\t\t<h2 class=\"elementor-heading-title elementor-size-default\">Nuestro sistema<\/h2>\t\t<\/div>\n\t\t\t\t<\/div>\n\t\t\t\t<div class=\"elementor-element elementor-element-49681353 elementor-widget elementor-widget-text-editor\" data-id=\"49681353\" data-element_type=\"widget\" data-widget_type=\"text-editor.default\">\n\t\t\t\t<div class=\"elementor-widget-container\">\n\t\t\t\t\t\t\t<p>En junio de 2009, Vista Animations adopt\u00f3 las t\u00e9cnicas m\u00e1s avanzadas en animaci\u00f3n utilizando MOCAP (Captura de movimiento), comenzando con Animazoo, el sistema de captura de movimiento inercial girosc\u00f3pico m\u00e1s experimentado del mundo.<\/p><p>En 2012 actualizamos nuestro equipo a Vicon, una de las principales empresas de la industria.<\/p><p>Actualmente, contamos con un equipo de 28 c\u00e1maras distribuidas en una habitaci\u00f3n de 60 metros cuadrados para poder capturar el movimiento con la mayor precisi\u00f3n posible.<\/p>\t\t\t\t\t\t<\/div>\n\t\t\t\t<\/div>\n\t\t\t\t<\/div>\n\t\t\t\t\t<\/div>\n\t\t\t\t<\/div>\n\t\t<div class=\"elementor-element elementor-element-2f432c6c e-con-boxed e-con\" data-id=\"2f432c6c\" data-element_type=\"container\" data-settings=\"{&quot;content_width&quot;:&quot;boxed&quot;}\">\n\t\t\t\t\t<div class=\"e-con-inner\">\n\t\t<div class=\"elementor-element elementor-element-1f55fea9 e-con-full e-con\" data-id=\"1f55fea9\" data-element_type=\"container\" data-settings=\"{&quot;content_width&quot;:&quot;full&quot;}\">\n\t\t\t\t<div class=\"elementor-element elementor-element-6ef5ffc elementor-widget elementor-widget-heading\" data-id=\"6ef5ffc\" data-element_type=\"widget\" data-widget_type=\"heading.default\">\n\t\t\t\t<div class=\"elementor-widget-container\">\n\t\t\t<h2 class=\"elementor-heading-title elementor-size-default\">In World<\/h2>\t\t<\/div>\n\t\t\t\t<\/div>\n\t\t\t\t<div class=\"elementor-element elementor-element-2891a052 elementor-widget elementor-widget-text-editor\" data-id=\"2891a052\" data-element_type=\"widget\" data-widget_type=\"text-editor.default\">\n\t\t\t\t<div class=\"elementor-widget-container\">\n\t\t\t\t\t\t\t<p>Desde 2007 se puede ir al Vista Center, la tienda en el mundo virtual de la marca Vista Animations en Secondlife.<\/p><p>Desde 2010 empezamos a crear contenido para IMVU<\/p>\t\t\t\t\t\t<\/div>\n\t\t\t\t<\/div>\n\t\t\t\t<\/div>\n\t\t\t\t<div class=\"elementor-element elementor-element-76d24678 elementor-widget__width-initial elementor-widget-tablet__width-inherit elementor-widget elementor-widget-image\" data-id=\"76d24678\" data-element_type=\"widget\" data-widget_type=\"image.default\">\n\t\t\t\t<div class=\"elementor-widget-container\">\n\t\t\t\t\t\t\t\t\t\t\t\t\t\t\t<img loading=\"lazy\" decoding=\"async\" width=\"1024\" height=\"607\" src=\"https:\/\/www.vistanimations.com\/web\/wp-content\/uploads\/2023\/04\/Snapshot22_017-1024x607.jpg\" class=\"attachment-large size-large wp-image-1708\" alt=\"\" srcset=\"https:\/\/www.vistanimations.com\/web\/wp-content\/uploads\/2023\/04\/Snapshot22_017-1024x607.jpg 1024w, https:\/\/www.vistanimations.com\/web\/wp-content\/uploads\/2023\/04\/Snapshot22_017-300x178.jpg 300w, https:\/\/www.vistanimations.com\/web\/wp-content\/uploads\/2023\/04\/Snapshot22_017-768x455.jpg 768w, https:\/\/www.vistanimations.com\/web\/wp-content\/uploads\/2023\/04\/Snapshot22_017-1536x910.jpg 1536w, https:\/\/www.vistanimations.com\/web\/wp-content\/uploads\/2023\/04\/Snapshot22_017.jpg 1920w\" sizes=\"auto, (max-width: 1024px) 100vw, 1024px\" \/>\t\t\t\t\t\t\t\t\t\t\t\t\t\t\t<\/div>\n\t\t\t\t<\/div>\n\t\t\t\t\t<\/div>\n\t\t\t\t<\/div>\n\t\t\t\t\t\t\t<\/div>","protected":false},"excerpt":{"rendered":"<p>ABOUT US We are a company specialized in creating content for virtual worlds since 2007 Creating content for 3 different virtual worlds Selling more than 900 products a day in our virtual stores An average of 60,000 users a day use our products Our system In june 2009 Vista Animations moved to the highest techniques on animation using MOCAP (Motion Capture). Starting with from Animazoo, the world\u2019s most mature gyroscopic inertial motion capture system. in 2012 we upgraded our equipment to Vicon, one of the leading companies in the industry. we currently have a team of 28 cameras distributed in\u2026<\/p>","protected":false},"author":1,"featured_media":0,"parent":0,"menu_order":0,"comment_status":"closed","ping_status":"closed","template":"","meta":{"footnotes":""},"class_list":["post-1666","page","type-page","status-publish","hentry"],"blocksy_meta":"","_links":{"self":[{"href":"https:\/\/www.vistanimations.com\/web\/es\/wp-json\/wp\/v2\/pages\/1666","targetHints":{"allow":["GET"]}}],"collection":[{"href":"https:\/\/www.vistanimations.com\/web\/es\/wp-json\/wp\/v2\/pages"}],"about":[{"href":"https:\/\/www.vistanimations.com\/web\/es\/wp-json\/wp\/v2\/types\/page"}],"author":[{"embeddable":true,"href":"https:\/\/www.vistanimations.com\/web\/es\/wp-json\/wp\/v2\/users\/1"}],"replies":[{"embeddable":true,"href":"https:\/\/www.vistanimations.com\/web\/es\/wp-json\/wp\/v2\/comments?post=1666"}],"version-history":[{"count":38,"href":"https:\/\/www.vistanimations.com\/web\/es\/wp-json\/wp\/v2\/pages\/1666\/revisions"}],"predecessor-version":[{"id":1896,"href":"https:\/\/www.vistanimations.com\/web\/es\/wp-json\/wp\/v2\/pages\/1666\/revisions\/1896"}],"wp:attachment":[{"href":"https:\/\/www.vistanimations.com\/web\/es\/wp-json\/wp\/v2\/media?parent=1666"}],"curies":[{"name":"wp","href":"https:\/\/api.w.org\/{rel}","templated":true}]}}