{"id":1562,"date":"2023-04-12T06:24:42","date_gmt":"2023-04-12T06:24:42","guid":{"rendered":"http:\/\/localhost\/Web\/?page_id=1562"},"modified":"2023-05-04T13:14:17","modified_gmt":"2023-05-04T13:14:17","slug":"studio","status":"publish","type":"page","link":"https:\/\/www.vistanimations.com\/web\/es\/studio\/","title":{"rendered":"Estudio"},"content":{"rendered":"<div data-elementor-type=\"wp-page\" data-elementor-id=\"1562\" class=\"elementor elementor-1562\">\n\t\t\t\t\t\t\t<div class=\"elementor-element elementor-element-6bab9ca e-con-full e-con\" data-id=\"6bab9ca\" data-element_type=\"container\" data-settings=\"{&quot;content_width&quot;:&quot;full&quot;}\">\n\t\t\t\t<div class=\"elementor-element elementor-element-30dc1db7 elementor-widget elementor-widget-heading\" data-id=\"30dc1db7\" data-element_type=\"widget\" data-widget_type=\"heading.default\">\n\t\t\t\t<div class=\"elementor-widget-container\">\n\t\t\t<style>\/*! elementor - v3.12.2 - 23-04-2023 *\/\n.elementor-heading-title{padding:0;margin:0;line-height:1}.elementor-widget-heading .elementor-heading-title[class*=elementor-size-]>a{color:inherit;font-size:inherit;line-height:inherit}.elementor-widget-heading .elementor-heading-title.elementor-size-small{font-size:15px}.elementor-widget-heading .elementor-heading-title.elementor-size-medium{font-size:19px}.elementor-widget-heading .elementor-heading-title.elementor-size-large{font-size:29px}.elementor-widget-heading .elementor-heading-title.elementor-size-xl{font-size:39px}.elementor-widget-heading .elementor-heading-title.elementor-size-xxl{font-size:59px}<\/style><h2 class=\"elementor-heading-title elementor-size-default\">Estudio<\/h2>\t\t<\/div>\n\t\t\t\t<\/div>\n\t\t\t\t<div class=\"elementor-element elementor-element-3703e90 elementor-widget elementor-widget-image\" data-id=\"3703e90\" data-element_type=\"widget\" data-widget_type=\"image.default\">\n\t\t\t\t<div class=\"elementor-widget-container\">\n\t\t\t<style>\/*! elementor - v3.12.2 - 23-04-2023 *\/\n.elementor-widget-image{text-align:center}.elementor-widget-image a{display:inline-block}.elementor-widget-image a img[src$=\".svg\"]{width:48px}.elementor-widget-image img{vertical-align:middle;display:inline-block}<\/style>\t\t\t\t\t\t\t\t\t\t\t\t<img loading=\"lazy\" decoding=\"async\" width=\"1024\" height=\"768\" src=\"https:\/\/www.vistanimations.com\/web\/wp-content\/uploads\/2023\/04\/IMG_1957-1024x768.jpg\" class=\"attachment-large size-large wp-image-1675\" alt=\"\" srcset=\"https:\/\/www.vistanimations.com\/web\/wp-content\/uploads\/2023\/04\/IMG_1957-1024x768.jpg 1024w, https:\/\/www.vistanimations.com\/web\/wp-content\/uploads\/2023\/04\/IMG_1957-300x225.jpg 300w, https:\/\/www.vistanimations.com\/web\/wp-content\/uploads\/2023\/04\/IMG_1957-768x576.jpg 768w, https:\/\/www.vistanimations.com\/web\/wp-content\/uploads\/2023\/04\/IMG_1957-1536x1152.jpg 1536w, https:\/\/www.vistanimations.com\/web\/wp-content\/uploads\/2023\/04\/IMG_1957-2048x1536.jpg 2048w\" sizes=\"auto, (max-width: 1024px) 100vw, 1024px\" \/>\t\t\t\t\t\t\t\t\t\t\t\t\t\t\t<\/div>\n\t\t\t\t<\/div>\n\t\t\t\t<\/div>\n\t\t<div class=\"elementor-element elementor-element-d6d8e75 e-con-boxed e-con\" data-id=\"d6d8e75\" data-element_type=\"container\" data-settings=\"{&quot;content_width&quot;:&quot;boxed&quot;}\">\n\t\t\t\t\t<div class=\"e-con-inner\">\n\t\t<div class=\"elementor-element elementor-element-d55a508 e-con-full e-con\" data-id=\"d55a508\" data-element_type=\"container\" data-settings=\"{&quot;content_width&quot;:&quot;full&quot;}\">\n\t\t\t\t<div class=\"elementor-element elementor-element-7741883 elementor--h-position-center elementor--v-position-middle elementor-arrows-position-inside elementor-pagination-position-inside elementor-widget elementor-widget-slides\" data-id=\"7741883\" data-element_type=\"widget\" data-settings=\"{&quot;navigation&quot;:&quot;both&quot;,&quot;autoplay&quot;:&quot;yes&quot;,&quot;pause_on_hover&quot;:&quot;yes&quot;,&quot;pause_on_interaction&quot;:&quot;yes&quot;,&quot;autoplay_speed&quot;:5000,&quot;infinite&quot;:&quot;yes&quot;,&quot;transition&quot;:&quot;slide&quot;,&quot;transition_speed&quot;:500}\" data-widget_type=\"slides.default\">\n\t\t\t\t<div class=\"elementor-widget-container\">\n\t\t\t<style>\/*! pro-elements - v3.12.2 - 09-04-2023 *\/\n.elementor-slides .swiper-slide-bg{background-size:cover;background-position:50%;background-repeat:no-repeat;min-width:100%;min-height:100%}.elementor-slides .swiper-slide-inner{background-repeat:no-repeat;background-position:50%;position:absolute;top:0;left:0;bottom:0;right:0;padding:50px;margin:auto}.elementor-slides .swiper-slide-inner,.elementor-slides .swiper-slide-inner:hover{color:#fff;display:flex}.elementor-slides .swiper-slide-inner .elementor-background-overlay{position:absolute;z-index:0;top:0;bottom:0;left:0;right:0}.elementor-slides .swiper-slide-inner .elementor-slide-content{position:relative;z-index:1;width:100%}.elementor-slides .swiper-slide-inner .elementor-slide-heading{font-size:35px;font-weight:700;line-height:1}.elementor-slides .swiper-slide-inner .elementor-slide-description{font-size:17px;line-height:1.4}.elementor-slides .swiper-slide-inner .elementor-slide-description:not(:last-child),.elementor-slides .swiper-slide-inner .elementor-slide-heading:not(:last-child){margin-bottom:30px}.elementor-slides .swiper-slide-inner .elementor-slide-button{border:2px solid #fff;color:#fff;background:transparent;display:inline-block}.elementor-slides .swiper-slide-inner .elementor-slide-button,.elementor-slides .swiper-slide-inner .elementor-slide-button:hover{background:transparent;color:inherit;text-decoration:none}.elementor--v-position-top .swiper-slide-inner{align-items:flex-start}.elementor--v-position-bottom .swiper-slide-inner{align-items:flex-end}.elementor--v-position-middle .swiper-slide-inner{align-items:center}.elementor--h-position-left .swiper-slide-inner{justify-content:flex-start}.elementor--h-position-right .swiper-slide-inner{justify-content:flex-end}.elementor--h-position-center .swiper-slide-inner{justify-content:center}body.rtl .elementor-widget-slides .elementor-swiper-button-next{left:10px;right:auto}body.rtl .elementor-widget-slides .elementor-swiper-button-prev{right:10px;left:auto}.elementor-slides-wrapper div:not(.swiper-slide)>.swiper-slide-inner{display:none}@media (max-width:767px){.elementor-slides .swiper-slide-inner{padding:30px}.elementor-slides .swiper-slide-inner .elementor-slide-heading{font-size:23px;line-height:1;margin-bottom:15px}.elementor-slides .swiper-slide-inner .elementor-slide-description{font-size:13px;line-height:1.4;margin-bottom:15px}}<\/style>\t\t<div class=\"elementor-swiper\">\n\t\t\t<div class=\"elementor-slides-wrapper elementor-main-swiper swiper\" dir=\"ltr\" data-animation=\"fadeInUp\">\n\t\t\t\t<div class=\"swiper-wrapper elementor-slides\">\n\t\t\t\t\t\t\t\t\t\t<div class=\"elementor-repeater-item-877e3a1 swiper-slide\"><div class=\"swiper-slide-bg\"><\/div><div class=\"swiper-slide-inner\" ><div class=\"swiper-slide-contents\"><\/div><\/div><\/div><div class=\"elementor-repeater-item-1531e3c swiper-slide\"><div class=\"swiper-slide-bg\"><\/div><div class=\"swiper-slide-inner\" ><div class=\"swiper-slide-contents\"><\/div><\/div><\/div><div class=\"elementor-repeater-item-2364ef6 swiper-slide\"><div class=\"swiper-slide-bg\"><\/div><div class=\"swiper-slide-inner\" ><div class=\"swiper-slide-contents\"><\/div><\/div><\/div>\t\t\t\t<\/div>\n\t\t\t\t\t\t\t\t\t\t\t\t\t\t\t<div class=\"swiper-pagination\"><\/div>\n\t\t\t\t\t\t\t\t\t\t\t\t\t\t\t\t<div class=\"elementor-swiper-button elementor-swiper-button-prev\">\n\t\t\t\t\t\t\t<i aria-hidden=\"true\" class=\"eicon-chevron-left\"><\/i>\t\t\t\t\t\t\t<span class=\"elementor-screen-only\">Previous<\/span>\n\t\t\t\t\t\t<\/div>\n\t\t\t\t\t\t<div class=\"elementor-swiper-button elementor-swiper-button-next\">\n\t\t\t\t\t\t\t<i aria-hidden=\"true\" class=\"eicon-chevron-right\"><\/i>\t\t\t\t\t\t\t<span class=\"elementor-screen-only\">Next<\/span>\n\t\t\t\t\t\t<\/div>\n\t\t\t\t\t\t\t\t\t\t\t\t<\/div>\n\t\t<\/div>\n\t\t\t\t<\/div>\n\t\t\t\t<\/div>\n\t\t\t\t<\/div>\n\t\t<div class=\"elementor-element elementor-element-db5273b e-con-full e-con\" data-id=\"db5273b\" data-element_type=\"container\" data-settings=\"{&quot;content_width&quot;:&quot;full&quot;}\">\n\t\t\t\t<div class=\"elementor-element elementor-element-d248315 elementor-widget elementor-widget-heading\" data-id=\"d248315\" data-element_type=\"widget\" data-widget_type=\"heading.default\">\n\t\t\t\t<div class=\"elementor-widget-container\">\n\t\t\t<h2 class=\"elementor-heading-title elementor-size-default\">ESPACIOS<\/h2>\t\t<\/div>\n\t\t\t\t<\/div>\n\t\t\t\t<div class=\"elementor-element elementor-element-cc65211 elementor-widget__width-initial elementor-widget elementor-widget-text-editor\" data-id=\"cc65211\" data-element_type=\"widget\" data-widget_type=\"text-editor.default\">\n\t\t\t\t<div class=\"elementor-widget-container\">\n\t\t\t<style>\/*! elementor - v3.12.2 - 23-04-2023 *\/\n.elementor-widget-text-editor.elementor-drop-cap-view-stacked .elementor-drop-cap{background-color:#69727d;color:#fff}.elementor-widget-text-editor.elementor-drop-cap-view-framed .elementor-drop-cap{color:#69727d;border:3px solid;background-color:transparent}.elementor-widget-text-editor:not(.elementor-drop-cap-view-default) .elementor-drop-cap{margin-top:8px}.elementor-widget-text-editor:not(.elementor-drop-cap-view-default) .elementor-drop-cap-letter{width:1em;height:1em}.elementor-widget-text-editor .elementor-drop-cap{float:left;text-align:center;line-height:1;font-size:50px}.elementor-widget-text-editor .elementor-drop-cap-letter{display:inline-block}<\/style>\t\t\t\t<p>Tenemos una sala de captura con una area de 60m2 con 28 camaras VICON y una sala de reuniones y relax.<\/p>\t\t\t\t\t\t<\/div>\n\t\t\t\t<\/div>\n\t\t\t\t<\/div>\n\t\t\t\t\t<\/div>\n\t\t\t\t<\/div>\n\t\t<div class=\"elementor-element elementor-element-896dd8e e-con-boxed e-con\" data-id=\"896dd8e\" data-element_type=\"container\" data-settings=\"{&quot;content_width&quot;:&quot;boxed&quot;}\">\n\t\t\t\t\t<div class=\"e-con-inner\">\n\t\t<div class=\"elementor-element elementor-element-74f4897d e-con-full e-con\" data-id=\"74f4897d\" data-element_type=\"container\" data-settings=\"{&quot;content_width&quot;:&quot;full&quot;}\">\n\t\t\t\t<div class=\"elementor-element elementor-element-fc8c9d5 elementor-widget elementor-widget-heading\" data-id=\"fc8c9d5\" data-element_type=\"widget\" data-widget_type=\"heading.default\">\n\t\t\t\t<div class=\"elementor-widget-container\">\n\t\t\t<h2 class=\"elementor-heading-title elementor-size-default\">VICON<\/h2>\t\t<\/div>\n\t\t\t\t<\/div>\n\t\t\t\t<div class=\"elementor-element elementor-element-19b9c440 elementor-widget elementor-widget-text-editor\" data-id=\"19b9c440\" data-element_type=\"widget\" data-widget_type=\"text-editor.default\">\n\t\t\t\t<div class=\"elementor-widget-container\">\n\t\t\t\t\t\t\t<p>Tenemos uno de los equipos de Motion Capture mejor valorados en el mercado. Contamos con 28 cameras que nos permiten capturar el movimiento de mas de una persona al mismo tiempo.<\/p><p>El software Shogun, ofrece las ventajas de los algoritmos de captura de movimiento l\u00edderes del mercado de Vicon: la calibraci\u00f3n m\u00e1s precisa, el seguimiento en tiempo real m\u00e1s s\u00f3lido del sector contando tambi\u00e9n con el mejor labeling y solving.<\/p><p>\u00a0<\/p>\t\t\t\t\t\t<\/div>\n\t\t\t\t<\/div>\n\t\t\t\t<\/div>\n\t\t\t\t<div class=\"elementor-element elementor-element-f8a9f3f elementor-widget__width-initial elementor-widget-tablet__width-inherit elementor-widget elementor-widget-image\" data-id=\"f8a9f3f\" data-element_type=\"widget\" data-widget_type=\"image.default\">\n\t\t\t\t<div class=\"elementor-widget-container\">\n\t\t\t\t\t\t\t\t\t\t\t\t\t\t\t<img loading=\"lazy\" decoding=\"async\" width=\"1000\" height=\"659\" src=\"https:\/\/www.vistanimations.com\/web\/wp-content\/uploads\/2023\/04\/gal2.jpg\" class=\"attachment-large size-large wp-image-1564\" alt=\"\" \/>\t\t\t\t\t\t\t\t\t\t\t\t\t\t\t<\/div>\n\t\t\t\t<\/div>\n\t\t\t\t\t<\/div>\n\t\t\t\t<\/div>\n\t\t<div class=\"elementor-element elementor-element-9c7e9bd e-con-boxed e-con\" data-id=\"9c7e9bd\" data-element_type=\"container\" data-settings=\"{&quot;content_width&quot;:&quot;boxed&quot;}\">\n\t\t\t\t\t<div class=\"e-con-inner\">\n\t\t\t\t<div class=\"elementor-element elementor-element-d77b611 elementor-widget__width-initial elementor-widget-tablet__width-inherit elementor-widget elementor-widget-image\" data-id=\"d77b611\" data-element_type=\"widget\" data-widget_type=\"image.default\">\n\t\t\t\t<div class=\"elementor-widget-container\">\n\t\t\t\t\t\t\t\t\t\t\t\t\t\t\t<img loading=\"lazy\" decoding=\"async\" width=\"1024\" height=\"683\" src=\"https:\/\/www.vistanimations.com\/web\/wp-content\/uploads\/2023\/04\/IMG_0134-1024x683.jpg\" class=\"attachment-large size-large wp-image-1677\" alt=\"\" srcset=\"https:\/\/www.vistanimations.com\/web\/wp-content\/uploads\/2023\/04\/IMG_0134-1024x683.jpg 1024w, https:\/\/www.vistanimations.com\/web\/wp-content\/uploads\/2023\/04\/IMG_0134-300x200.jpg 300w, https:\/\/www.vistanimations.com\/web\/wp-content\/uploads\/2023\/04\/IMG_0134-768x512.jpg 768w, https:\/\/www.vistanimations.com\/web\/wp-content\/uploads\/2023\/04\/IMG_0134-1536x1024.jpg 1536w, https:\/\/www.vistanimations.com\/web\/wp-content\/uploads\/2023\/04\/IMG_0134-2048x1365.jpg 2048w\" sizes=\"auto, (max-width: 1024px) 100vw, 1024px\" \/>\t\t\t\t\t\t\t\t\t\t\t\t\t\t\t<\/div>\n\t\t\t\t<\/div>\n\t\t<div class=\"elementor-element elementor-element-d684813 e-con-full e-con\" data-id=\"d684813\" data-element_type=\"container\" data-settings=\"{&quot;content_width&quot;:&quot;full&quot;}\">\n\t\t\t\t<div class=\"elementor-element elementor-element-4c39e64 elementor-widget elementor-widget-heading\" data-id=\"4c39e64\" data-element_type=\"widget\" data-widget_type=\"heading.default\">\n\t\t\t\t<div class=\"elementor-widget-container\">\n\t\t\t<h2 class=\"elementor-heading-title elementor-size-default\">FACEWARE<\/h2>\t\t<\/div>\n\t\t\t\t<\/div>\n\t\t\t\t<div class=\"elementor-element elementor-element-8d6fd5a elementor-widget elementor-widget-text-editor\" data-id=\"8d6fd5a\" data-element_type=\"widget\" data-widget_type=\"text-editor.default\">\n\t\t\t\t<div class=\"elementor-widget-container\">\n\t\t\t\t\t\t\t<p>Faceware es el proveedor de tecnolog\u00eda de captura de movimiento facial m\u00e1s innovador y experimentado del mundo. Faceware cree que la mejor animaci\u00f3n facial proviene de la combinaci\u00f3n de tecnolog\u00eda de vanguardia y un flujo de trabajo intuitivo y f\u00e1cil de usar para el artista. El hardware y el software de Faceware representan soluciones completas para los mercados del entretenimiento interactivo, el cine, los videojuegos, la televisi\u00f3n y el comercio minorista.<\/p>\t\t\t\t\t\t<\/div>\n\t\t\t\t<\/div>\n\t\t\t\t<\/div>\n\t\t\t\t\t<\/div>\n\t\t\t\t<\/div>\n\t\t<div class=\"elementor-element elementor-element-bb1402e e-con-boxed e-con\" data-id=\"bb1402e\" data-element_type=\"container\" data-settings=\"{&quot;content_width&quot;:&quot;boxed&quot;}\">\n\t\t\t\t\t<div class=\"e-con-inner\">\n\t\t<div class=\"elementor-element elementor-element-f0cd459 e-con-full e-con\" data-id=\"f0cd459\" data-element_type=\"container\" data-settings=\"{&quot;content_width&quot;:&quot;full&quot;}\">\n\t\t\t\t<div class=\"elementor-element elementor-element-906321b elementor-widget elementor-widget-heading\" data-id=\"906321b\" data-element_type=\"widget\" data-widget_type=\"heading.default\">\n\t\t\t\t<div class=\"elementor-widget-container\">\n\t\t\t<h2 class=\"elementor-heading-title elementor-size-default\">Manus VR<\/h2>\t\t<\/div>\n\t\t\t\t<\/div>\n\t\t\t\t<div class=\"elementor-element elementor-element-e7a5db0 elementor-widget elementor-widget-text-editor\" data-id=\"e7a5db0\" data-element_type=\"widget\" data-widget_type=\"text-editor.default\">\n\t\t\t\t<div class=\"elementor-widget-container\">\n\t\t\t\t\t\t\t<p>Manus VR es un sistema de guantes especialmente dise\u00f1ados para ser utilizados con sistemas de realidad virtual, concretamente con HTC Vive. Estos guantes cuentan con diez sensores, uno por cada dedo. Tambi\u00e9n te permiten capturar el movimiento de los dedos sin tener que capturar el cuerpo entero obteniendo unos resultados muy precisos.<\/p>\t\t\t\t\t\t<\/div>\n\t\t\t\t<\/div>\n\t\t\t\t<\/div>\n\t\t\t\t<div class=\"elementor-element elementor-element-291f2eb elementor-widget__width-initial elementor-widget-tablet__width-inherit elementor-widget elementor-widget-image\" data-id=\"291f2eb\" data-element_type=\"widget\" data-widget_type=\"image.default\">\n\t\t\t\t<div class=\"elementor-widget-container\">\n\t\t\t\t\t\t\t\t\t\t\t\t\t\t\t<img loading=\"lazy\" decoding=\"async\" width=\"1024\" height=\"606\" src=\"https:\/\/www.vistanimations.com\/web\/wp-content\/uploads\/2023\/04\/manus_mobile_vr-1024x606.jpg\" class=\"attachment-large size-large wp-image-1678\" alt=\"\" srcset=\"https:\/\/www.vistanimations.com\/web\/wp-content\/uploads\/2023\/04\/manus_mobile_vr-1024x606.jpg 1024w, https:\/\/www.vistanimations.com\/web\/wp-content\/uploads\/2023\/04\/manus_mobile_vr-300x178.jpg 300w, https:\/\/www.vistanimations.com\/web\/wp-content\/uploads\/2023\/04\/manus_mobile_vr-768x454.jpg 768w, https:\/\/www.vistanimations.com\/web\/wp-content\/uploads\/2023\/04\/manus_mobile_vr-1536x909.jpg 1536w, https:\/\/www.vistanimations.com\/web\/wp-content\/uploads\/2023\/04\/manus_mobile_vr.jpg 1920w\" sizes=\"auto, (max-width: 1024px) 100vw, 1024px\" \/>\t\t\t\t\t\t\t\t\t\t\t\t\t\t\t<\/div>\n\t\t\t\t<\/div>\n\t\t\t\t\t<\/div>\n\t\t\t\t<\/div>\n\t\t\t\t\t\t\t<\/div>","protected":false},"excerpt":{"rendered":"<p>STUDIO Previous Next THE SPACE We have a 60m2 capture area equipped with 28 Vicon cameras and a 60m2 meeting and relaxation room. VICON We have one of the most valued Motion Capture equipment in the market with 28 Vicon Bonita cameras that allows capturing more than one person at a time. Vicon software offers the benefits of Vicon\u2019s market-leading motion capture algorithms, the most accurate calibration, the most robust real time tracking in the business, and the best labelling and solving. \u00a0 FACEWARE Faceware is the world&#8217;s most innovative and experienced provider of Facial Motion Capture technology. Faceware believes\u2026<\/p>","protected":false},"author":1,"featured_media":0,"parent":0,"menu_order":0,"comment_status":"closed","ping_status":"closed","template":"","meta":{"footnotes":""},"class_list":["post-1562","page","type-page","status-publish","hentry"],"blocksy_meta":"","_links":{"self":[{"href":"https:\/\/www.vistanimations.com\/web\/es\/wp-json\/wp\/v2\/pages\/1562","targetHints":{"allow":["GET"]}}],"collection":[{"href":"https:\/\/www.vistanimations.com\/web\/es\/wp-json\/wp\/v2\/pages"}],"about":[{"href":"https:\/\/www.vistanimations.com\/web\/es\/wp-json\/wp\/v2\/types\/page"}],"author":[{"embeddable":true,"href":"https:\/\/www.vistanimations.com\/web\/es\/wp-json\/wp\/v2\/users\/1"}],"replies":[{"embeddable":true,"href":"https:\/\/www.vistanimations.com\/web\/es\/wp-json\/wp\/v2\/comments?post=1562"}],"version-history":[{"count":70,"href":"https:\/\/www.vistanimations.com\/web\/es\/wp-json\/wp\/v2\/pages\/1562\/revisions"}],"predecessor-version":[{"id":2074,"href":"https:\/\/www.vistanimations.com\/web\/es\/wp-json\/wp\/v2\/pages\/1562\/revisions\/2074"}],"wp:attachment":[{"href":"https:\/\/www.vistanimations.com\/web\/es\/wp-json\/wp\/v2\/media?parent=1562"}],"curies":[{"name":"wp","href":"https:\/\/api.w.org\/{rel}","templated":true}]}}