{"id":1464,"date":"2022-05-12T15:28:57","date_gmt":"2022-05-12T15:28:57","guid":{"rendered":"https:\/\/demo.creativethemes.com\/blocksy\/bizconsult\/?page_id=14"},"modified":"2023-05-05T12:35:26","modified_gmt":"2023-05-05T12:35:26","slug":"mocap-bcn","status":"publish","type":"page","link":"https:\/\/www.vistanimations.com\/web\/es\/mocap-bcn\/","title":{"rendered":"Mocap Bcn"},"content":{"rendered":"<div data-elementor-type=\"wp-page\" data-elementor-id=\"1464\" class=\"elementor elementor-1464\">\n\t\t\t\t\t\t\t<div class=\"elementor-element elementor-element-2407813d e-con-boxed e-con\" data-id=\"2407813d\" data-element_type=\"container\" data-settings=\"{&quot;content_width&quot;:&quot;boxed&quot;}\">\n\t\t\t\t\t<div class=\"e-con-inner\">\n\t\t\t\t<div class=\"elementor-element elementor-element-6b210e9 elementor-widget-mobile__width-inherit elementor-widget elementor-widget-image\" data-id=\"6b210e9\" data-element_type=\"widget\" data-widget_type=\"image.default\">\n\t\t\t\t<div class=\"elementor-widget-container\">\n\t\t\t<style>\/*! elementor - v3.12.2 - 23-04-2023 *\/\n.elementor-widget-image{text-align:center}.elementor-widget-image a{display:inline-block}.elementor-widget-image a img[src$=\".svg\"]{width:48px}.elementor-widget-image img{vertical-align:middle;display:inline-block}<\/style>\t\t\t\t\t\t\t\t\t\t\t\t<img loading=\"lazy\" decoding=\"async\" width=\"261\" height=\"60\" src=\"https:\/\/www.vistanimations.com\/web\/wp-content\/uploads\/2023\/04\/logo.jpg\" class=\"attachment-large size-large wp-image-1732\" alt=\"\" \/>\t\t\t\t\t\t\t\t\t\t\t\t\t\t\t<\/div>\n\t\t\t\t<\/div>\n\t\t\t\t<div class=\"elementor-element elementor-element-1b6b2bc5 elementor-widget elementor-widget-image\" data-id=\"1b6b2bc5\" data-element_type=\"widget\" data-widget_type=\"image.default\">\n\t\t\t\t<div class=\"elementor-widget-container\">\n\t\t\t\t\t\t\t\t\t\t\t\t\t\t\t<img loading=\"lazy\" decoding=\"async\" width=\"6000\" height=\"4000\" src=\"https:\/\/www.vistanimations.com\/web\/wp-content\/uploads\/2023\/04\/IMG_1366.jpg\" class=\"attachment-full size-full wp-image-1507\" alt=\"\" \/>\t\t\t\t\t\t\t\t\t\t\t\t\t\t\t<\/div>\n\t\t\t\t<\/div>\n\t\t\t\t<div class=\"elementor-element elementor-element-10c9d51 elementor-button-info elementor-align-center elementor-widget elementor-widget-button\" data-id=\"10c9d51\" data-element_type=\"widget\" data-widget_type=\"button.default\">\n\t\t\t\t<div class=\"elementor-widget-container\">\n\t\t\t\t\t<div class=\"elementor-button-wrapper\">\n\t\t\t<a href=\"https:\/\/www.mocapbcn.com\" target=\"_blank\" class=\"elementor-button-link elementor-button elementor-size-lg\" role=\"button\">\n\t\t\t\t\t\t<span class=\"elementor-button-content-wrapper\">\n\t\t\t\t\t\t<span class=\"elementor-button-text\">Vis\u00edtanos<\/span>\n\t\t<\/span>\n\t\t\t\t\t<\/a>\n\t\t<\/div>\n\t\t\t\t<\/div>\n\t\t\t\t<\/div>\n\t\t\t\t\t<\/div>\n\t\t\t\t<\/div>\n\t\t<div class=\"elementor-element elementor-element-40665de e-con-boxed e-con\" data-id=\"40665de\" data-element_type=\"container\" data-settings=\"{&quot;content_width&quot;:&quot;boxed&quot;}\">\n\t\t\t\t\t<div class=\"e-con-inner\">\n\t\t\t\t<div class=\"elementor-element elementor-element-a4ba90e elementor-widget elementor-widget-text-editor\" data-id=\"a4ba90e\" data-element_type=\"widget\" data-widget_type=\"text-editor.default\">\n\t\t\t\t<div class=\"elementor-widget-container\">\n\t\t\t<style>\/*! elementor - v3.12.2 - 23-04-2023 *\/\n.elementor-widget-text-editor.elementor-drop-cap-view-stacked .elementor-drop-cap{background-color:#69727d;color:#fff}.elementor-widget-text-editor.elementor-drop-cap-view-framed .elementor-drop-cap{color:#69727d;border:3px solid;background-color:transparent}.elementor-widget-text-editor:not(.elementor-drop-cap-view-default) .elementor-drop-cap{margin-top:8px}.elementor-widget-text-editor:not(.elementor-drop-cap-view-default) .elementor-drop-cap-letter{width:1em;height:1em}.elementor-widget-text-editor .elementor-drop-cap{float:left;text-align:center;line-height:1;font-size:50px}.elementor-widget-text-editor .elementor-drop-cap-letter{display:inline-block}<\/style>\t\t\t\t<p>MOCAP BCN es un estudio de animaci\u00f3n 3d especializado en captura de movimiento situado a 35 km del centro de Barcelona.&nbsp;<\/p>\n<p>Comenz\u00f3 en 2007 como parte de Vista Animations, utilizando un sistema de mocap inercial y abri\u00f3 oficialmente como MOCAP BCN en 2012 con nuevas oficinas y un sistema de mocap \u00f3ptico actualizado con VICON.<\/p>\t\t\t\t\t\t<\/div>\n\t\t\t\t<\/div>\n\t\t\t\t\t<\/div>\n\t\t\t\t<\/div>\n\t\t\t\t\t\t\t<\/div>","protected":false},"excerpt":{"rendered":"<p>VISIT WEBSITE MOCAP BCN is a 3d animation studio specialising in motion capture located at 35 km from Barcelona city center.&nbsp; Started in 2007 as part of Vista Animations, using an inertial mocap system and oficially opened as MOCAP BCN in 2012 with new offices and updated optical mocap system by VICON.<\/p>","protected":false},"author":1,"featured_media":0,"parent":0,"menu_order":0,"comment_status":"closed","ping_status":"closed","template":"","meta":{"footnotes":""},"class_list":["post-1464","page","type-page","status-publish","hentry"],"blocksy_meta":"","_links":{"self":[{"href":"https:\/\/www.vistanimations.com\/web\/es\/wp-json\/wp\/v2\/pages\/1464","targetHints":{"allow":["GET"]}}],"collection":[{"href":"https:\/\/www.vistanimations.com\/web\/es\/wp-json\/wp\/v2\/pages"}],"about":[{"href":"https:\/\/www.vistanimations.com\/web\/es\/wp-json\/wp\/v2\/types\/page"}],"author":[{"embeddable":true,"href":"https:\/\/www.vistanimations.com\/web\/es\/wp-json\/wp\/v2\/users\/1"}],"replies":[{"embeddable":true,"href":"https:\/\/www.vistanimations.com\/web\/es\/wp-json\/wp\/v2\/comments?post=1464"}],"version-history":[{"count":49,"href":"https:\/\/www.vistanimations.com\/web\/es\/wp-json\/wp\/v2\/pages\/1464\/revisions"}],"predecessor-version":[{"id":2136,"href":"https:\/\/www.vistanimations.com\/web\/es\/wp-json\/wp\/v2\/pages\/1464\/revisions\/2136"}],"wp:attachment":[{"href":"https:\/\/www.vistanimations.com\/web\/es\/wp-json\/wp\/v2\/media?parent=1464"}],"curies":[{"name":"wp","href":"https:\/\/api.w.org\/{rel}","templated":true}]}}